{"id":25847,"date":"2022-02-18T11:19:29","date_gmt":"2022-02-18T10:19:29","guid":{"rendered":"https:\/\/www.prieur-sports.com\/produit\/sabre-maraging-bf-blaise-freres-electrique\/"},"modified":"2022-09-02T11:50:50","modified_gmt":"2022-09-02T09:50:50","slug":"sabre-maraging-bf-blaise-freres-electrique","status":"publish","type":"product","link":"https:\/\/www.prieur-sports.com\/en\/product\/sabre-maraging-bf-blaise-freres-electrique\/","title":{"rendered":"Maraging Sabre BF (Blaise Fr\u00e8res) electric"},"content":{"rendered":"<p>Our<strong>electric Maraging BF (Blaise Fr\u00e8res) sabre<\/strong> is composed of a Maraging BF (Blaise Fr\u00e8res) blade, approved by the <strong>French International Fencing Federation (FIE)<\/strong> and mandatory for any international competition. Forged in France, Maraging BF blades are undoubtedly the best blades in the world. Equip yourself with the best Maraging electric sabre to ensure performance and safety.<br \/>\nMaraging steels are famous for their high strength and hardness, while retaining an irreproachable ductility.<br \/>\n<strong>PIREUR SPORTS<\/strong> selects and manufactures its weapons to bring you maximum safety and performance.<\/p>\n<p>Thanks to our <strong>French know-how<\/strong>and our <strong>technical heritage<\/strong><strong>since 1788<\/strong>, we are experts in the making of your weapons. Choosing a <strong>PRIEUR SPORTS<\/strong>weapon means choosing the best quality and performance on the market.<\/p>\n<p><strong><u>Our expert advice :<\/u><\/strong><\/p>\n<p>We strongly advise you to have a blade guard to avoid piercing your carrying case. Ref :2734 <strong>Ref :2734<\/strong><\/p>\n<p><strong><u>Good to know :<\/u><\/strong><br \/>\n<u>Blade 5:<\/u>from category M15<\/p>\n<p>All the spare parts that make up our weapons are sold individually on our site.<\/p>\n","protected":false},"excerpt":{"rendered":"<p>Our <strong>Maraging BF (Blaise Fr\u00e8res) electric sabre<\/strong>has a BF size 5 blade for people 15 years and older, approved by the <strong>International Fencing Federation (FIE).<\/strong><\/p>\n","protected":false},"featured_media":11614,"template":"","meta":{"_acf_changed":false},"product_cat":[2928],"product_tag":[],"class_list":{"0":"post-25847","1":"product","2":"type-product","3":"status-publish","4":"has-post-thumbnail","6":"product_cat-mounted-sabres","7":"product_shipping_class-exclusion-pickup-en","8":"yith_product_brand-prieur-en","10":"first","11":"instock","12":"taxable","13":"shipping-taxable","14":"purchasable","15":"product-type-variable"},"acf":[],"yoast_head":"<!-- This site is optimized with the Yoast SEO plugin v27.2 - https:\/\/yoast.com\/product\/yoast-seo-wordpress\/ -->\n<title>Maraging Sabre BF (Blaise Fr\u00e8res) electric - PRIEUR Sport<\/title>\n<meta name=\"description\" content=\"Our electric Maraging BF (Blaise Fr\u00e8res) sabre is composed of a Maraging BF (Blaise Fr\u00e8res) blade, approved by the French International Fencing Federation (FIE) .\" \/>\n<meta name=\"robots\" content=\"index, follow, max-snippet:-1, max-image-preview:large, max-video-preview:-1\" \/>\n<link rel=\"canonical\" href=\"https:\/\/www.prieur-sports.com\/en\/product\/sabre-maraging-bf-blaise-freres-electrique\/\" \/>\n<meta property=\"og:locale\" content=\"en_GB\" \/>\n<meta property=\"og:type\" content=\"article\" \/>\n<meta property=\"og:title\" content=\"Maraging Sabre BF (Blaise Fr\u00e8res) electric - PRIEUR Sport\" \/>\n<meta property=\"og:description\" content=\"Our electric Maraging BF (Blaise Fr\u00e8res) sabre is composed of a Maraging BF (Blaise Fr\u00e8res) blade, approved by the French International Fencing Federation (FIE) .\" \/>\n<meta property=\"og:url\" content=\"https:\/\/www.prieur-sports.com\/en\/product\/sabre-maraging-bf-blaise-freres-electrique\/\" \/>\n<meta property=\"og:site_name\" content=\"PRIEUR Sport\" \/>\n<meta property=\"article:publisher\" content=\"https:\/\/www.facebook.com\/prieur.sports\/\" \/>\n<meta property=\"article:modified_time\" content=\"2022-09-02T09:50:50+00:00\" \/>\n<meta property=\"og:image\" content=\"https:\/\/www.prieur-sports.com\/wp-content\/uploads\/2022\/02\/495-sabre-maraging-BF-face.jpg\" \/>\n\t<meta property=\"og:image:width\" content=\"1600\" \/>\n\t<meta property=\"og:image:height\" content=\"1600\" \/>\n\t<meta property=\"og:image:type\" content=\"image\/jpeg\" \/>\n<meta name=\"twitter:card\" content=\"summary_large_image\" \/>\n<meta name=\"twitter:label1\" content=\"Estimated reading time\" \/>\n\t<meta name=\"twitter:data1\" content=\"1 minute\" \/>\n<script type=\"application\/ld+json\" class=\"yoast-schema-graph\">{\"@context\":\"https:\/\/schema.org\",\"@graph\":[{\"@type\":\"WebPage\",\"@id\":\"https:\/\/www.prieur-sports.com\/en\/product\/sabre-maraging-bf-blaise-freres-electrique\/\",\"url\":\"https:\/\/www.prieur-sports.com\/en\/product\/sabre-maraging-bf-blaise-freres-electrique\/\",\"name\":\"Maraging Sabre BF (Blaise Fr\u00e8res) electric - PRIEUR Sport\",\"isPartOf\":{\"@id\":\"https:\/\/www.prieur-sports.com\/en\/#website\"},\"primaryImageOfPage\":{\"@id\":\"https:\/\/www.prieur-sports.com\/en\/product\/sabre-maraging-bf-blaise-freres-electrique\/#primaryimage\"},\"image\":{\"@id\":\"https:\/\/www.prieur-sports.com\/en\/product\/sabre-maraging-bf-blaise-freres-electrique\/#primaryimage\"},\"thumbnailUrl\":\"https:\/\/www.prieur-sports.com\/wp-content\/uploads\/2022\/02\/495-sabre-maraging-BF-face.jpg\",\"datePublished\":\"2022-02-18T10:19:29+00:00\",\"dateModified\":\"2022-09-02T09:50:50+00:00\",\"description\":\"Our electric Maraging BF (Blaise Fr\u00e8res) sabre is composed of a Maraging BF (Blaise Fr\u00e8res) blade, approved by the French International Fencing Federation (FIE) .\",\"breadcrumb\":{\"@id\":\"https:\/\/www.prieur-sports.com\/en\/product\/sabre-maraging-bf-blaise-freres-electrique\/#breadcrumb\"},\"inLanguage\":\"en-GB\",\"potentialAction\":[{\"@type\":\"ReadAction\",\"target\":[\"https:\/\/www.prieur-sports.com\/en\/product\/sabre-maraging-bf-blaise-freres-electrique\/\"]}]},{\"@type\":\"ImageObject\",\"inLanguage\":\"en-GB\",\"@id\":\"https:\/\/www.prieur-sports.com\/en\/product\/sabre-maraging-bf-blaise-freres-electrique\/#primaryimage\",\"url\":\"https:\/\/www.prieur-sports.com\/wp-content\/uploads\/2022\/02\/495-sabre-maraging-BF-face.jpg\",\"contentUrl\":\"https:\/\/www.prieur-sports.com\/wp-content\/uploads\/2022\/02\/495-sabre-maraging-BF-face.jpg\",\"width\":1600,\"height\":1600,\"caption\":\"sabre maraging BF face\"},{\"@type\":\"BreadcrumbList\",\"@id\":\"https:\/\/www.prieur-sports.com\/en\/product\/sabre-maraging-bf-blaise-freres-electrique\/#breadcrumb\",\"itemListElement\":[{\"@type\":\"ListItem\",\"position\":1,\"name\":\"Home\",\"item\":\"https:\/\/www.prieur-sports.com\/en\/\"},{\"@type\":\"ListItem\",\"position\":2,\"name\":\"Shop\",\"item\":\"https:\/\/www.prieur-sports.com\/en\/shop\/\"},{\"@type\":\"ListItem\",\"position\":3,\"name\":\"Maraging Sabre BF (Blaise Fr\u00e8res) electric\"}]},{\"@type\":\"WebSite\",\"@id\":\"https:\/\/www.prieur-sports.com\/en\/#website\",\"url\":\"https:\/\/www.prieur-sports.com\/en\/\",\"name\":\"PRIEUR Sport\",\"description\":\"Fabrication et vente de mat\u00e9riel d\u2019escrime de qualit\u00e9\",\"publisher\":{\"@id\":\"https:\/\/www.prieur-sports.com\/en\/#organization\"},\"potentialAction\":[{\"@type\":\"SearchAction\",\"target\":{\"@type\":\"EntryPoint\",\"urlTemplate\":\"https:\/\/www.prieur-sports.com\/en\/?s={search_term_string}\"},\"query-input\":{\"@type\":\"PropertyValueSpecification\",\"valueRequired\":true,\"valueName\":\"search_term_string\"}}],\"inLanguage\":\"en-GB\"},{\"@type\":\"Organization\",\"@id\":\"https:\/\/www.prieur-sports.com\/en\/#organization\",\"name\":\"PRIEUR Sports\",\"url\":\"https:\/\/www.prieur-sports.com\/en\/\",\"logo\":{\"@type\":\"ImageObject\",\"inLanguage\":\"en-GB\",\"@id\":\"https:\/\/www.prieur-sports.com\/en\/#\/schema\/logo\/image\/\",\"url\":\"https:\/\/www.prieur-sports.com\/wp-content\/uploads\/2022\/04\/prieur-sport-logo-email.png\",\"contentUrl\":\"https:\/\/www.prieur-sports.com\/wp-content\/uploads\/2022\/04\/prieur-sport-logo-email.png\",\"width\":500,\"height\":129,\"caption\":\"PRIEUR Sports\"},\"image\":{\"@id\":\"https:\/\/www.prieur-sports.com\/en\/#\/schema\/logo\/image\/\"},\"sameAs\":[\"https:\/\/www.facebook.com\/prieur.sports\/\",\"https:\/\/www.instagram.com\/prieur.escrime\",\"https:\/\/fr.linkedin.com\/company\/prieur-sports\",\"https:\/\/www.youtube.com\/channel\/UCLaqZva69QF5mGhL_zNhTCg\"]}]}<\/script>\n<!-- \/ Yoast SEO plugin. -->","yoast_head_json":{"title":"Maraging Sabre BF (Blaise Fr\u00e8res) electric - PRIEUR Sport","description":"Our electric Maraging BF (Blaise Fr\u00e8res) sabre is composed of a Maraging BF (Blaise Fr\u00e8res) blade, approved by the French International Fencing Federation (FIE) .","robots":{"index":"index","follow":"follow","max-snippet":"max-snippet:-1","max-image-preview":"max-image-preview:large","max-video-preview":"max-video-preview:-1"},"canonical":"https:\/\/www.prieur-sports.com\/en\/product\/sabre-maraging-bf-blaise-freres-electrique\/","og_locale":"en_GB","og_type":"article","og_title":"Maraging Sabre BF (Blaise Fr\u00e8res) electric - PRIEUR Sport","og_description":"Our electric Maraging BF (Blaise Fr\u00e8res) sabre is composed of a Maraging BF (Blaise Fr\u00e8res) blade, approved by the French International Fencing Federation (FIE) .","og_url":"https:\/\/www.prieur-sports.com\/en\/product\/sabre-maraging-bf-blaise-freres-electrique\/","og_site_name":"PRIEUR Sport","article_publisher":"https:\/\/www.facebook.com\/prieur.sports\/","article_modified_time":"2022-09-02T09:50:50+00:00","og_image":[{"width":1600,"height":1600,"url":"https:\/\/www.prieur-sports.com\/wp-content\/uploads\/2022\/02\/495-sabre-maraging-BF-face.jpg","type":"image\/jpeg"}],"twitter_card":"summary_large_image","twitter_misc":{"Estimated reading time":"1 minute"},"schema":{"@context":"https:\/\/schema.org","@graph":[{"@type":"WebPage","@id":"https:\/\/www.prieur-sports.com\/en\/product\/sabre-maraging-bf-blaise-freres-electrique\/","url":"https:\/\/www.prieur-sports.com\/en\/product\/sabre-maraging-bf-blaise-freres-electrique\/","name":"Maraging Sabre BF (Blaise Fr\u00e8res) electric - PRIEUR Sport","isPartOf":{"@id":"https:\/\/www.prieur-sports.com\/en\/#website"},"primaryImageOfPage":{"@id":"https:\/\/www.prieur-sports.com\/en\/product\/sabre-maraging-bf-blaise-freres-electrique\/#primaryimage"},"image":{"@id":"https:\/\/www.prieur-sports.com\/en\/product\/sabre-maraging-bf-blaise-freres-electrique\/#primaryimage"},"thumbnailUrl":"https:\/\/www.prieur-sports.com\/wp-content\/uploads\/2022\/02\/495-sabre-maraging-BF-face.jpg","datePublished":"2022-02-18T10:19:29+00:00","dateModified":"2022-09-02T09:50:50+00:00","description":"Our electric Maraging BF (Blaise Fr\u00e8res) sabre is composed of a Maraging BF (Blaise Fr\u00e8res) blade, approved by the French International Fencing Federation (FIE) .","breadcrumb":{"@id":"https:\/\/www.prieur-sports.com\/en\/product\/sabre-maraging-bf-blaise-freres-electrique\/#breadcrumb"},"inLanguage":"en-GB","potentialAction":[{"@type":"ReadAction","target":["https:\/\/www.prieur-sports.com\/en\/product\/sabre-maraging-bf-blaise-freres-electrique\/"]}]},{"@type":"ImageObject","inLanguage":"en-GB","@id":"https:\/\/www.prieur-sports.com\/en\/product\/sabre-maraging-bf-blaise-freres-electrique\/#primaryimage","url":"https:\/\/www.prieur-sports.com\/wp-content\/uploads\/2022\/02\/495-sabre-maraging-BF-face.jpg","contentUrl":"https:\/\/www.prieur-sports.com\/wp-content\/uploads\/2022\/02\/495-sabre-maraging-BF-face.jpg","width":1600,"height":1600,"caption":"sabre maraging BF face"},{"@type":"BreadcrumbList","@id":"https:\/\/www.prieur-sports.com\/en\/product\/sabre-maraging-bf-blaise-freres-electrique\/#breadcrumb","itemListElement":[{"@type":"ListItem","position":1,"name":"Home","item":"https:\/\/www.prieur-sports.com\/en\/"},{"@type":"ListItem","position":2,"name":"Shop","item":"https:\/\/www.prieur-sports.com\/en\/shop\/"},{"@type":"ListItem","position":3,"name":"Maraging Sabre BF (Blaise Fr\u00e8res) electric"}]},{"@type":"WebSite","@id":"https:\/\/www.prieur-sports.com\/en\/#website","url":"https:\/\/www.prieur-sports.com\/en\/","name":"PRIEUR Sport","description":"Fabrication et vente de mat\u00e9riel d\u2019escrime de qualit\u00e9","publisher":{"@id":"https:\/\/www.prieur-sports.com\/en\/#organization"},"potentialAction":[{"@type":"SearchAction","target":{"@type":"EntryPoint","urlTemplate":"https:\/\/www.prieur-sports.com\/en\/?s={search_term_string}"},"query-input":{"@type":"PropertyValueSpecification","valueRequired":true,"valueName":"search_term_string"}}],"inLanguage":"en-GB"},{"@type":"Organization","@id":"https:\/\/www.prieur-sports.com\/en\/#organization","name":"PRIEUR Sports","url":"https:\/\/www.prieur-sports.com\/en\/","logo":{"@type":"ImageObject","inLanguage":"en-GB","@id":"https:\/\/www.prieur-sports.com\/en\/#\/schema\/logo\/image\/","url":"https:\/\/www.prieur-sports.com\/wp-content\/uploads\/2022\/04\/prieur-sport-logo-email.png","contentUrl":"https:\/\/www.prieur-sports.com\/wp-content\/uploads\/2022\/04\/prieur-sport-logo-email.png","width":500,"height":129,"caption":"PRIEUR Sports"},"image":{"@id":"https:\/\/www.prieur-sports.com\/en\/#\/schema\/logo\/image\/"},"sameAs":["https:\/\/www.facebook.com\/prieur.sports\/","https:\/\/www.instagram.com\/prieur.escrime","https:\/\/fr.linkedin.com\/company\/prieur-sports","https:\/\/www.youtube.com\/channel\/UCLaqZva69QF5mGhL_zNhTCg"]}]}},"_links":{"self":[{"href":"https:\/\/www.prieur-sports.com\/en\/wp-json\/wp\/v2\/product\/25847","targetHints":{"allow":["GET"]}}],"collection":[{"href":"https:\/\/www.prieur-sports.com\/en\/wp-json\/wp\/v2\/product"}],"about":[{"href":"https:\/\/www.prieur-sports.com\/en\/wp-json\/wp\/v2\/types\/product"}],"wp:featuredmedia":[{"embeddable":true,"href":"https:\/\/www.prieur-sports.com\/en\/wp-json\/wp\/v2\/media\/11614"}],"wp:attachment":[{"href":"https:\/\/www.prieur-sports.com\/en\/wp-json\/wp\/v2\/media?parent=25847"}],"wp:term":[{"taxonomy":"product_cat","embeddable":true,"href":"https:\/\/www.prieur-sports.com\/en\/wp-json\/wp\/v2\/product_cat?post=25847"},{"taxonomy":"product_tag","embeddable":true,"href":"https:\/\/www.prieur-sports.com\/en\/wp-json\/wp\/v2\/product_tag?post=25847"}],"curies":[{"name":"wp","href":"https:\/\/api.w.org\/{rel}","templated":true}]}}