{"id":63330,"date":"2025-04-17T13:47:12","date_gmt":"2025-04-17T11:47:12","guid":{"rendered":"https:\/\/www.prieur-sports.com\/produit\/fleuret-maraging-stm-electrique\/"},"modified":"2025-11-28T09:15:51","modified_gmt":"2025-11-28T08:15:51","slug":"fleuret-maraging-stm-electrique","status":"publish","type":"product","link":"https:\/\/www.prieur-sports.com\/en\/product\/fleuret-maraging-stm-electrique\/","title":{"rendered":"Fleuret Maraging STM \u00e9lectrique"},"content":{"rendered":"<p>Notre lame de <strong>fleuret Maragin<\/strong><strong>g<\/strong><strong> STM <\/strong>r\u00e9pond aux exigences de la F\u00e9d\u00e9ration Internationale d\u2019Escrime (FIE).<br \/>\nLes aciers Maraging sont c\u00e9l\u00e8bres pour leur importante r\u00e9sistance et duret\u00e9, tout en conservant une ductilit\u00e9 irr\u00e9prochable.<\/p>\n<p>Forts de notre savoir-faire fran\u00e7ais et de notre h\u00e9ritage technique depuis 1788, nous sommes experts dans la confection de vos armes. Choisir une arme<strong> PRIEUR SPORTS<\/strong>, c\u2019est choisir la meilleure qualit\u00e9 et performance du march\u00e9.<\/p>\n<p>Notre lame de<strong> fleuret Maraging STM \u00e9lectrique <\/strong>peut \u00eatre mont\u00e9e au choix du client avec une pointe fran\u00e7aise ou une pointe allemande.<br \/>\nLes poign\u00e9es, fabriqu\u00e9es dans nos ateliers (hors mod\u00e8le \u00e9tranger) vous offrirons une ergonomie exceptionnelle. Les int\u00e9rieurs de gardes que nous fabriquons sont les plus solides du march\u00e9.<\/p>\n<p><strong>PIREUR SPORTS<\/strong> s\u00e9lectionne et confectionne ses armes pour vous apporter un maximum de s\u00e9curit\u00e9 et de performance.<\/p>\n<p><strong><u>Notre conseil d\u2019expert :<\/u><\/strong><br \/>\nNous vous conseillons vivement de disposer d\u2019un prot\u00e8ge lame pour \u00e9viter de percer votre housse de transport. <strong>Ref :2734<\/strong><\/p>\n<p><strong><u>Bon \u00e0 savoir :<\/u><\/strong><br \/>\n<u>Lame 5<\/u> : A partir de la cat\u00e9gorie M15.<\/p>\n<p>Toutes les pi\u00e8ces d\u00e9tach\u00e9es qui composent nos armes sont vendues \u00e0 l\u2019unit\u00e9 sur notre site.<\/p>\n<p><strong>&#8211;<\/strong><\/p>\n<p>Ce fleuret est automatiquement mont\u00e9 avec une garde fleuret diam\u00e8tre 100mm (ref 510). Si vous souhaitez une garde fleuret titane (ref 512) suivez les \u00e9tapes suivantes\u00a0:<\/p>\n<ul>\n<li>Commandez votre arme mont\u00e9e<\/li>\n<li>Commandez \u00e9galement la garde titane (ref 512)<\/li>\n<li>Indiquez en commentaire lors de la validation de la commande que vous souhaitez \u00e9quiper votre arme de la garde titane.<\/li>\n<\/ul>\n<p>Une fois votre commande pass\u00e9e, la garde fleuret diam\u00e8tre 100mm (ref 510) vous sera rembours\u00e9e.<\/p>\n<p><span style=\"color: #ff0000;\"><strong>PHOTOS NON CONTRACTUELLES<\/strong><\/span><\/p>\n<p><iframe title=\"Montage et fonctionnement du fleuret\" width=\"1410\" height=\"793\" src=\"https:\/\/www.youtube.com\/embed\/FuXSv4ggFBY?feature=oembed\" frameborder=\"0\" allow=\"accelerometer; autoplay; clipboard-write; encrypted-media; gyroscope; picture-in-picture; web-share\" referrerpolicy=\"strict-origin-when-cross-origin\" allowfullscreen><\/iframe><\/p>\n","protected":false},"excerpt":{"rendered":"<p>Notre lame de fleuret Maraging STM r\u00e9pond aux exigences de la F\u00e9d\u00e9ration Internationale d\u2019Escrime (FIE). Les aciers Maraging sont c\u00e9l\u00e8bres pour leur importante r\u00e9sistance et duret\u00e9, tout en conservant une ductilit\u00e9 irr\u00e9prochable. Forts de notre savoir-faire fran\u00e7ais et de notre h\u00e9ritage technique depuis 1788, nous sommes experts dans la confection de vos armes. Choisir une [&hellip;]<\/p>\n","protected":false},"featured_media":0,"template":"","meta":{"_acf_changed":false},"product_cat":[2916],"product_tag":[],"class_list":{"0":"post-63330","1":"product","2":"type-product","3":"status-publish","5":"product_cat-mounted-foils","7":"first","8":"instock","9":"taxable","10":"shipping-taxable","11":"purchasable","12":"product-type-variable"},"acf":[],"yoast_head":"<!-- This site is optimized with the Yoast SEO plugin v27.2 - https:\/\/yoast.com\/product\/yoast-seo-wordpress\/ -->\n<title>Fleuret Maraging STM \u00e9lectrique - PRIEUR Sport<\/title>\n<meta name=\"robots\" content=\"index, follow, max-snippet:-1, max-image-preview:large, max-video-preview:-1\" \/>\n<link rel=\"canonical\" href=\"https:\/\/www.prieur-sports.com\/en\/product\/fleuret-maraging-stm-electrique\/\" \/>\n<meta property=\"og:locale\" content=\"en_GB\" \/>\n<meta property=\"og:type\" content=\"article\" \/>\n<meta property=\"og:title\" content=\"Fleuret Maraging STM \u00e9lectrique - PRIEUR Sport\" \/>\n<meta property=\"og:description\" content=\"Notre lame de fleuret Maraging STM r\u00e9pond aux exigences de la F\u00e9d\u00e9ration Internationale d\u2019Escrime (FIE). Les aciers Maraging sont c\u00e9l\u00e8bres pour leur importante r\u00e9sistance et duret\u00e9, tout en conservant une ductilit\u00e9 irr\u00e9prochable. Forts de notre savoir-faire fran\u00e7ais et de notre h\u00e9ritage technique depuis 1788, nous sommes experts dans la confection de vos armes. Choisir une [&hellip;]\" \/>\n<meta property=\"og:url\" content=\"https:\/\/www.prieur-sports.com\/en\/product\/fleuret-maraging-stm-electrique\/\" \/>\n<meta property=\"og:site_name\" content=\"PRIEUR Sport\" \/>\n<meta property=\"article:publisher\" content=\"https:\/\/www.facebook.com\/prieur.sports\/\" \/>\n<meta property=\"article:modified_time\" content=\"2025-11-28T08:15:51+00:00\" \/>\n<meta name=\"twitter:card\" content=\"summary_large_image\" \/>\n<meta name=\"twitter:label1\" content=\"Estimated reading time\" \/>\n\t<meta name=\"twitter:data1\" content=\"1 minute\" \/>\n<script type=\"application\/ld+json\" class=\"yoast-schema-graph\">{\"@context\":\"https:\/\/schema.org\",\"@graph\":[{\"@type\":\"WebPage\",\"@id\":\"https:\/\/www.prieur-sports.com\/en\/product\/fleuret-maraging-stm-electrique\/\",\"url\":\"https:\/\/www.prieur-sports.com\/en\/product\/fleuret-maraging-stm-electrique\/\",\"name\":\"Fleuret Maraging STM \u00e9lectrique - PRIEUR Sport\",\"isPartOf\":{\"@id\":\"https:\/\/www.prieur-sports.com\/en\/#website\"},\"datePublished\":\"2025-04-17T11:47:12+00:00\",\"dateModified\":\"2025-11-28T08:15:51+00:00\",\"breadcrumb\":{\"@id\":\"https:\/\/www.prieur-sports.com\/en\/product\/fleuret-maraging-stm-electrique\/#breadcrumb\"},\"inLanguage\":\"en-GB\",\"potentialAction\":[{\"@type\":\"ReadAction\",\"target\":[\"https:\/\/www.prieur-sports.com\/en\/product\/fleuret-maraging-stm-electrique\/\"]}]},{\"@type\":\"BreadcrumbList\",\"@id\":\"https:\/\/www.prieur-sports.com\/en\/product\/fleuret-maraging-stm-electrique\/#breadcrumb\",\"itemListElement\":[{\"@type\":\"ListItem\",\"position\":1,\"name\":\"Home\",\"item\":\"https:\/\/www.prieur-sports.com\/en\/\"},{\"@type\":\"ListItem\",\"position\":2,\"name\":\"Shop\",\"item\":\"https:\/\/www.prieur-sports.com\/en\/shop\/\"},{\"@type\":\"ListItem\",\"position\":3,\"name\":\"Fleuret Maraging STM \u00e9lectrique\"}]},{\"@type\":\"WebSite\",\"@id\":\"https:\/\/www.prieur-sports.com\/en\/#website\",\"url\":\"https:\/\/www.prieur-sports.com\/en\/\",\"name\":\"PRIEUR Sport\",\"description\":\"Fabrication et vente de mat\u00e9riel d\u2019escrime de qualit\u00e9\",\"publisher\":{\"@id\":\"https:\/\/www.prieur-sports.com\/en\/#organization\"},\"potentialAction\":[{\"@type\":\"SearchAction\",\"target\":{\"@type\":\"EntryPoint\",\"urlTemplate\":\"https:\/\/www.prieur-sports.com\/en\/?s={search_term_string}\"},\"query-input\":{\"@type\":\"PropertyValueSpecification\",\"valueRequired\":true,\"valueName\":\"search_term_string\"}}],\"inLanguage\":\"en-GB\"},{\"@type\":\"Organization\",\"@id\":\"https:\/\/www.prieur-sports.com\/en\/#organization\",\"name\":\"PRIEUR Sports\",\"url\":\"https:\/\/www.prieur-sports.com\/en\/\",\"logo\":{\"@type\":\"ImageObject\",\"inLanguage\":\"en-GB\",\"@id\":\"https:\/\/www.prieur-sports.com\/en\/#\/schema\/logo\/image\/\",\"url\":\"https:\/\/www.prieur-sports.com\/wp-content\/uploads\/2022\/04\/prieur-sport-logo-email.png\",\"contentUrl\":\"https:\/\/www.prieur-sports.com\/wp-content\/uploads\/2022\/04\/prieur-sport-logo-email.png\",\"width\":500,\"height\":129,\"caption\":\"PRIEUR Sports\"},\"image\":{\"@id\":\"https:\/\/www.prieur-sports.com\/en\/#\/schema\/logo\/image\/\"},\"sameAs\":[\"https:\/\/www.facebook.com\/prieur.sports\/\",\"https:\/\/www.instagram.com\/prieur.escrime\",\"https:\/\/fr.linkedin.com\/company\/prieur-sports\",\"https:\/\/www.youtube.com\/channel\/UCLaqZva69QF5mGhL_zNhTCg\"]}]}<\/script>\n<!-- \/ Yoast SEO plugin. -->","yoast_head_json":{"title":"Fleuret Maraging STM \u00e9lectrique - PRIEUR Sport","robots":{"index":"index","follow":"follow","max-snippet":"max-snippet:-1","max-image-preview":"max-image-preview:large","max-video-preview":"max-video-preview:-1"},"canonical":"https:\/\/www.prieur-sports.com\/en\/product\/fleuret-maraging-stm-electrique\/","og_locale":"en_GB","og_type":"article","og_title":"Fleuret Maraging STM \u00e9lectrique - PRIEUR Sport","og_description":"Notre lame de fleuret Maraging STM r\u00e9pond aux exigences de la F\u00e9d\u00e9ration Internationale d\u2019Escrime (FIE). Les aciers Maraging sont c\u00e9l\u00e8bres pour leur importante r\u00e9sistance et duret\u00e9, tout en conservant une ductilit\u00e9 irr\u00e9prochable. Forts de notre savoir-faire fran\u00e7ais et de notre h\u00e9ritage technique depuis 1788, nous sommes experts dans la confection de vos armes. Choisir une [&hellip;]","og_url":"https:\/\/www.prieur-sports.com\/en\/product\/fleuret-maraging-stm-electrique\/","og_site_name":"PRIEUR Sport","article_publisher":"https:\/\/www.facebook.com\/prieur.sports\/","article_modified_time":"2025-11-28T08:15:51+00:00","twitter_card":"summary_large_image","twitter_misc":{"Estimated reading time":"1 minute"},"schema":{"@context":"https:\/\/schema.org","@graph":[{"@type":"WebPage","@id":"https:\/\/www.prieur-sports.com\/en\/product\/fleuret-maraging-stm-electrique\/","url":"https:\/\/www.prieur-sports.com\/en\/product\/fleuret-maraging-stm-electrique\/","name":"Fleuret Maraging STM \u00e9lectrique - PRIEUR Sport","isPartOf":{"@id":"https:\/\/www.prieur-sports.com\/en\/#website"},"datePublished":"2025-04-17T11:47:12+00:00","dateModified":"2025-11-28T08:15:51+00:00","breadcrumb":{"@id":"https:\/\/www.prieur-sports.com\/en\/product\/fleuret-maraging-stm-electrique\/#breadcrumb"},"inLanguage":"en-GB","potentialAction":[{"@type":"ReadAction","target":["https:\/\/www.prieur-sports.com\/en\/product\/fleuret-maraging-stm-electrique\/"]}]},{"@type":"BreadcrumbList","@id":"https:\/\/www.prieur-sports.com\/en\/product\/fleuret-maraging-stm-electrique\/#breadcrumb","itemListElement":[{"@type":"ListItem","position":1,"name":"Home","item":"https:\/\/www.prieur-sports.com\/en\/"},{"@type":"ListItem","position":2,"name":"Shop","item":"https:\/\/www.prieur-sports.com\/en\/shop\/"},{"@type":"ListItem","position":3,"name":"Fleuret Maraging STM \u00e9lectrique"}]},{"@type":"WebSite","@id":"https:\/\/www.prieur-sports.com\/en\/#website","url":"https:\/\/www.prieur-sports.com\/en\/","name":"PRIEUR Sport","description":"Fabrication et vente de mat\u00e9riel d\u2019escrime de qualit\u00e9","publisher":{"@id":"https:\/\/www.prieur-sports.com\/en\/#organization"},"potentialAction":[{"@type":"SearchAction","target":{"@type":"EntryPoint","urlTemplate":"https:\/\/www.prieur-sports.com\/en\/?s={search_term_string}"},"query-input":{"@type":"PropertyValueSpecification","valueRequired":true,"valueName":"search_term_string"}}],"inLanguage":"en-GB"},{"@type":"Organization","@id":"https:\/\/www.prieur-sports.com\/en\/#organization","name":"PRIEUR Sports","url":"https:\/\/www.prieur-sports.com\/en\/","logo":{"@type":"ImageObject","inLanguage":"en-GB","@id":"https:\/\/www.prieur-sports.com\/en\/#\/schema\/logo\/image\/","url":"https:\/\/www.prieur-sports.com\/wp-content\/uploads\/2022\/04\/prieur-sport-logo-email.png","contentUrl":"https:\/\/www.prieur-sports.com\/wp-content\/uploads\/2022\/04\/prieur-sport-logo-email.png","width":500,"height":129,"caption":"PRIEUR Sports"},"image":{"@id":"https:\/\/www.prieur-sports.com\/en\/#\/schema\/logo\/image\/"},"sameAs":["https:\/\/www.facebook.com\/prieur.sports\/","https:\/\/www.instagram.com\/prieur.escrime","https:\/\/fr.linkedin.com\/company\/prieur-sports","https:\/\/www.youtube.com\/channel\/UCLaqZva69QF5mGhL_zNhTCg"]}]}},"_links":{"self":[{"href":"https:\/\/www.prieur-sports.com\/en\/wp-json\/wp\/v2\/product\/63330","targetHints":{"allow":["GET"]}}],"collection":[{"href":"https:\/\/www.prieur-sports.com\/en\/wp-json\/wp\/v2\/product"}],"about":[{"href":"https:\/\/www.prieur-sports.com\/en\/wp-json\/wp\/v2\/types\/product"}],"wp:attachment":[{"href":"https:\/\/www.prieur-sports.com\/en\/wp-json\/wp\/v2\/media?parent=63330"}],"wp:term":[{"taxonomy":"product_cat","embeddable":true,"href":"https:\/\/www.prieur-sports.com\/en\/wp-json\/wp\/v2\/product_cat?post=63330"},{"taxonomy":"product_tag","embeddable":true,"href":"https:\/\/www.prieur-sports.com\/en\/wp-json\/wp\/v2\/product_tag?post=63330"}],"curies":[{"name":"wp","href":"https:\/\/api.w.org\/{rel}","templated":true}]}}