{"id":63338,"date":"2025-02-21T11:05:50","date_gmt":"2025-02-21T10:05:50","guid":{"rendered":"https:\/\/www.prieur-sports.com\/produit\/lame-maraging-stm-fleuret-electrique\/"},"modified":"2026-03-19T15:11:32","modified_gmt":"2026-03-19T14:11:32","slug":"lame-maraging-stm-fleuret-electrique","status":"publish","type":"product","link":"https:\/\/www.prieur-sports.com\/en\/product\/lame-maraging-stm-fleuret-electrique\/","title":{"rendered":"Lame Maraging STM fleuret \u00e9lectrique"},"content":{"rendered":"<p>Les aciers Maraging sont c\u00e9l\u00e8bres pour <strong>leur importante r\u00e9sistance et duret\u00e9<\/strong>, tout en conservant une <strong>ductilit\u00e9 irr\u00e9prochable<\/strong>. Notre lame Maraging STM fleuret \u00e9lectrique peut \u00eatre mont\u00e9e au choix du client avec une pointe fran\u00e7aise ou une pointe allemande. La lame en acier Maraging est obligatoire pour les comp\u00e9titions internationales selon les normes de la F\u00e9d\u00e9ration Internationale d\u2019Escrime (FIE).<\/p>\n<p><strong><u>Notre conseil d\u2019expert :<\/u><\/strong> Nous vous conseillons vivement de disposer d\u2019un prot\u00e8ge lame pour \u00e9viter de percer votre housse de transport.<strong> Ref :2734<\/strong><\/p>\n","protected":false},"excerpt":{"rendered":"<p>Notre <strong>lame Maraging STM fleuret \u00e9lectrique<\/strong> est fabriqu\u00e9e en <strong>acier Maraging, <\/strong>obligatoire pour les comp\u00e9titions internationales selon les normes de la <strong>F\u00e9d\u00e9ration Internationale d\u2019Escrime (FIE).<\/strong><\/p>\n<p>Pour conna\u00eetre la taille de lame id\u00e9ale, veuillez consulter notre <strong><a href=\"https:\/\/www.prieur-sport.com\/guide-des-tailles\/\" target=\"_blank\" rel=\"noopener\">Guide des tailles<\/a>.<\/strong><\/p>\n<p><img decoding=\"async\" class=\"alignnone wp-image-13053\" src=\"https:\/\/www.prieur-sport.com\/wp-content\/uploads\/2022\/02\/logo-made-in-france-300x129.jpg\" alt=\"\" width=\"198\" height=\"85\" srcset=\"https:\/\/www.prieur-sports.com\/wp-content\/uploads\/2022\/02\/logo-made-in-france-300x129.jpg 300w, https:\/\/www.prieur-sports.com\/wp-content\/uploads\/2022\/02\/logo-made-in-france.jpg 420w\" sizes=\"(max-width: 198px) 100vw, 198px\" \/><\/p>\n","protected":false},"featured_media":70639,"template":"","meta":{"_acf_changed":false},"product_cat":[2918],"product_tag":[],"class_list":{"0":"post-63338","1":"product","2":"type-product","3":"status-publish","4":"has-post-thumbnail","6":"product_cat-blades","7":"product_shipping_class-exclusion-pickup-en","9":"first","10":"instock","11":"taxable","12":"shipping-taxable","13":"purchasable","14":"product-type-variable"},"acf":[],"yoast_head":"<!-- This site is optimized with the Yoast SEO plugin v27.2 - https:\/\/yoast.com\/product\/yoast-seo-wordpress\/ -->\n<title>Lame Maraging STM fleuret \u00e9lectrique - PRIEUR Sport<\/title>\n<meta name=\"description\" content=\"Les aciers Maraging sont c\u00e9l\u00e8bres pour leur importante r\u00e9sistance et duret\u00e9, tout en conservant une ductilit\u00e9 irr\u00e9prochable.\" \/>\n<meta name=\"robots\" content=\"index, follow, max-snippet:-1, max-image-preview:large, max-video-preview:-1\" \/>\n<link rel=\"canonical\" href=\"https:\/\/www.prieur-sports.com\/en\/product\/lame-maraging-stm-fleuret-electrique\/\" \/>\n<meta property=\"og:locale\" content=\"en_GB\" \/>\n<meta property=\"og:type\" content=\"article\" \/>\n<meta property=\"og:title\" content=\"Lame Maraging STM fleuret \u00e9lectrique - PRIEUR Sport\" \/>\n<meta property=\"og:description\" content=\"Les aciers Maraging sont c\u00e9l\u00e8bres pour leur importante r\u00e9sistance et duret\u00e9, tout en conservant une ductilit\u00e9 irr\u00e9prochable.\" \/>\n<meta property=\"og:url\" content=\"https:\/\/www.prieur-sports.com\/en\/product\/lame-maraging-stm-fleuret-electrique\/\" \/>\n<meta property=\"og:site_name\" content=\"PRIEUR Sport\" \/>\n<meta property=\"article:publisher\" content=\"https:\/\/www.facebook.com\/prieur.sports\/\" \/>\n<meta property=\"article:modified_time\" content=\"2026-03-19T14:11:32+00:00\" \/>\n<meta property=\"og:image\" content=\"https:\/\/www.prieur-sports.com\/wp-content\/uploads\/2025\/02\/site-ancine-2.jpg\" \/>\n\t<meta property=\"og:image:width\" content=\"1600\" \/>\n\t<meta property=\"og:image:height\" content=\"1600\" \/>\n\t<meta property=\"og:image:type\" content=\"image\/jpeg\" \/>\n<meta name=\"twitter:card\" content=\"summary_large_image\" \/>\n<script type=\"application\/ld+json\" class=\"yoast-schema-graph\">{\"@context\":\"https:\/\/schema.org\",\"@graph\":[{\"@type\":\"WebPage\",\"@id\":\"https:\/\/www.prieur-sports.com\/en\/product\/lame-maraging-stm-fleuret-electrique\/\",\"url\":\"https:\/\/www.prieur-sports.com\/en\/product\/lame-maraging-stm-fleuret-electrique\/\",\"name\":\"Lame Maraging STM fleuret \u00e9lectrique - PRIEUR Sport\",\"isPartOf\":{\"@id\":\"https:\/\/www.prieur-sports.com\/en\/#website\"},\"primaryImageOfPage\":{\"@id\":\"https:\/\/www.prieur-sports.com\/en\/product\/lame-maraging-stm-fleuret-electrique\/#primaryimage\"},\"image\":{\"@id\":\"https:\/\/www.prieur-sports.com\/en\/product\/lame-maraging-stm-fleuret-electrique\/#primaryimage\"},\"thumbnailUrl\":\"https:\/\/www.prieur-sports.com\/wp-content\/uploads\/2025\/02\/site-ancine-2.jpg\",\"datePublished\":\"2025-02-21T10:05:50+00:00\",\"dateModified\":\"2026-03-19T14:11:32+00:00\",\"description\":\"Les aciers Maraging sont c\u00e9l\u00e8bres pour leur importante r\u00e9sistance et duret\u00e9, tout en conservant une ductilit\u00e9 irr\u00e9prochable.\",\"breadcrumb\":{\"@id\":\"https:\/\/www.prieur-sports.com\/en\/product\/lame-maraging-stm-fleuret-electrique\/#breadcrumb\"},\"inLanguage\":\"en-GB\",\"potentialAction\":[{\"@type\":\"ReadAction\",\"target\":[\"https:\/\/www.prieur-sports.com\/en\/product\/lame-maraging-stm-fleuret-electrique\/\"]}]},{\"@type\":\"ImageObject\",\"inLanguage\":\"en-GB\",\"@id\":\"https:\/\/www.prieur-sports.com\/en\/product\/lame-maraging-stm-fleuret-electrique\/#primaryimage\",\"url\":\"https:\/\/www.prieur-sports.com\/wp-content\/uploads\/2025\/02\/site-ancine-2.jpg\",\"contentUrl\":\"https:\/\/www.prieur-sports.com\/wp-content\/uploads\/2025\/02\/site-ancine-2.jpg\",\"width\":1600,\"height\":1600},{\"@type\":\"BreadcrumbList\",\"@id\":\"https:\/\/www.prieur-sports.com\/en\/product\/lame-maraging-stm-fleuret-electrique\/#breadcrumb\",\"itemListElement\":[{\"@type\":\"ListItem\",\"position\":1,\"name\":\"Home\",\"item\":\"https:\/\/www.prieur-sports.com\/en\/\"},{\"@type\":\"ListItem\",\"position\":2,\"name\":\"Shop\",\"item\":\"https:\/\/www.prieur-sports.com\/en\/shop\/\"},{\"@type\":\"ListItem\",\"position\":3,\"name\":\"Lame Maraging STM fleuret \u00e9lectrique\"}]},{\"@type\":\"WebSite\",\"@id\":\"https:\/\/www.prieur-sports.com\/en\/#website\",\"url\":\"https:\/\/www.prieur-sports.com\/en\/\",\"name\":\"PRIEUR Sport\",\"description\":\"Fabrication et vente de mat\u00e9riel d\u2019escrime de qualit\u00e9\",\"publisher\":{\"@id\":\"https:\/\/www.prieur-sports.com\/en\/#organization\"},\"potentialAction\":[{\"@type\":\"SearchAction\",\"target\":{\"@type\":\"EntryPoint\",\"urlTemplate\":\"https:\/\/www.prieur-sports.com\/en\/?s={search_term_string}\"},\"query-input\":{\"@type\":\"PropertyValueSpecification\",\"valueRequired\":true,\"valueName\":\"search_term_string\"}}],\"inLanguage\":\"en-GB\"},{\"@type\":\"Organization\",\"@id\":\"https:\/\/www.prieur-sports.com\/en\/#organization\",\"name\":\"PRIEUR Sports\",\"url\":\"https:\/\/www.prieur-sports.com\/en\/\",\"logo\":{\"@type\":\"ImageObject\",\"inLanguage\":\"en-GB\",\"@id\":\"https:\/\/www.prieur-sports.com\/en\/#\/schema\/logo\/image\/\",\"url\":\"https:\/\/www.prieur-sports.com\/wp-content\/uploads\/2022\/04\/prieur-sport-logo-email.png\",\"contentUrl\":\"https:\/\/www.prieur-sports.com\/wp-content\/uploads\/2022\/04\/prieur-sport-logo-email.png\",\"width\":500,\"height\":129,\"caption\":\"PRIEUR Sports\"},\"image\":{\"@id\":\"https:\/\/www.prieur-sports.com\/en\/#\/schema\/logo\/image\/\"},\"sameAs\":[\"https:\/\/www.facebook.com\/prieur.sports\/\",\"https:\/\/www.instagram.com\/prieur.escrime\",\"https:\/\/fr.linkedin.com\/company\/prieur-sports\",\"https:\/\/www.youtube.com\/channel\/UCLaqZva69QF5mGhL_zNhTCg\"]}]}<\/script>\n<!-- \/ Yoast SEO plugin. -->","yoast_head_json":{"title":"Lame Maraging STM fleuret \u00e9lectrique - PRIEUR Sport","description":"Les aciers Maraging sont c\u00e9l\u00e8bres pour leur importante r\u00e9sistance et duret\u00e9, tout en conservant une ductilit\u00e9 irr\u00e9prochable.","robots":{"index":"index","follow":"follow","max-snippet":"max-snippet:-1","max-image-preview":"max-image-preview:large","max-video-preview":"max-video-preview:-1"},"canonical":"https:\/\/www.prieur-sports.com\/en\/product\/lame-maraging-stm-fleuret-electrique\/","og_locale":"en_GB","og_type":"article","og_title":"Lame Maraging STM fleuret \u00e9lectrique - PRIEUR Sport","og_description":"Les aciers Maraging sont c\u00e9l\u00e8bres pour leur importante r\u00e9sistance et duret\u00e9, tout en conservant une ductilit\u00e9 irr\u00e9prochable.","og_url":"https:\/\/www.prieur-sports.com\/en\/product\/lame-maraging-stm-fleuret-electrique\/","og_site_name":"PRIEUR Sport","article_publisher":"https:\/\/www.facebook.com\/prieur.sports\/","article_modified_time":"2026-03-19T14:11:32+00:00","og_image":[{"width":1600,"height":1600,"url":"https:\/\/www.prieur-sports.com\/wp-content\/uploads\/2025\/02\/site-ancine-2.jpg","type":"image\/jpeg"}],"twitter_card":"summary_large_image","schema":{"@context":"https:\/\/schema.org","@graph":[{"@type":"WebPage","@id":"https:\/\/www.prieur-sports.com\/en\/product\/lame-maraging-stm-fleuret-electrique\/","url":"https:\/\/www.prieur-sports.com\/en\/product\/lame-maraging-stm-fleuret-electrique\/","name":"Lame Maraging STM fleuret \u00e9lectrique - PRIEUR Sport","isPartOf":{"@id":"https:\/\/www.prieur-sports.com\/en\/#website"},"primaryImageOfPage":{"@id":"https:\/\/www.prieur-sports.com\/en\/product\/lame-maraging-stm-fleuret-electrique\/#primaryimage"},"image":{"@id":"https:\/\/www.prieur-sports.com\/en\/product\/lame-maraging-stm-fleuret-electrique\/#primaryimage"},"thumbnailUrl":"https:\/\/www.prieur-sports.com\/wp-content\/uploads\/2025\/02\/site-ancine-2.jpg","datePublished":"2025-02-21T10:05:50+00:00","dateModified":"2026-03-19T14:11:32+00:00","description":"Les aciers Maraging sont c\u00e9l\u00e8bres pour leur importante r\u00e9sistance et duret\u00e9, tout en conservant une ductilit\u00e9 irr\u00e9prochable.","breadcrumb":{"@id":"https:\/\/www.prieur-sports.com\/en\/product\/lame-maraging-stm-fleuret-electrique\/#breadcrumb"},"inLanguage":"en-GB","potentialAction":[{"@type":"ReadAction","target":["https:\/\/www.prieur-sports.com\/en\/product\/lame-maraging-stm-fleuret-electrique\/"]}]},{"@type":"ImageObject","inLanguage":"en-GB","@id":"https:\/\/www.prieur-sports.com\/en\/product\/lame-maraging-stm-fleuret-electrique\/#primaryimage","url":"https:\/\/www.prieur-sports.com\/wp-content\/uploads\/2025\/02\/site-ancine-2.jpg","contentUrl":"https:\/\/www.prieur-sports.com\/wp-content\/uploads\/2025\/02\/site-ancine-2.jpg","width":1600,"height":1600},{"@type":"BreadcrumbList","@id":"https:\/\/www.prieur-sports.com\/en\/product\/lame-maraging-stm-fleuret-electrique\/#breadcrumb","itemListElement":[{"@type":"ListItem","position":1,"name":"Home","item":"https:\/\/www.prieur-sports.com\/en\/"},{"@type":"ListItem","position":2,"name":"Shop","item":"https:\/\/www.prieur-sports.com\/en\/shop\/"},{"@type":"ListItem","position":3,"name":"Lame Maraging STM fleuret \u00e9lectrique"}]},{"@type":"WebSite","@id":"https:\/\/www.prieur-sports.com\/en\/#website","url":"https:\/\/www.prieur-sports.com\/en\/","name":"PRIEUR Sport","description":"Fabrication et vente de mat\u00e9riel d\u2019escrime de qualit\u00e9","publisher":{"@id":"https:\/\/www.prieur-sports.com\/en\/#organization"},"potentialAction":[{"@type":"SearchAction","target":{"@type":"EntryPoint","urlTemplate":"https:\/\/www.prieur-sports.com\/en\/?s={search_term_string}"},"query-input":{"@type":"PropertyValueSpecification","valueRequired":true,"valueName":"search_term_string"}}],"inLanguage":"en-GB"},{"@type":"Organization","@id":"https:\/\/www.prieur-sports.com\/en\/#organization","name":"PRIEUR Sports","url":"https:\/\/www.prieur-sports.com\/en\/","logo":{"@type":"ImageObject","inLanguage":"en-GB","@id":"https:\/\/www.prieur-sports.com\/en\/#\/schema\/logo\/image\/","url":"https:\/\/www.prieur-sports.com\/wp-content\/uploads\/2022\/04\/prieur-sport-logo-email.png","contentUrl":"https:\/\/www.prieur-sports.com\/wp-content\/uploads\/2022\/04\/prieur-sport-logo-email.png","width":500,"height":129,"caption":"PRIEUR Sports"},"image":{"@id":"https:\/\/www.prieur-sports.com\/en\/#\/schema\/logo\/image\/"},"sameAs":["https:\/\/www.facebook.com\/prieur.sports\/","https:\/\/www.instagram.com\/prieur.escrime","https:\/\/fr.linkedin.com\/company\/prieur-sports","https:\/\/www.youtube.com\/channel\/UCLaqZva69QF5mGhL_zNhTCg"]}]}},"_links":{"self":[{"href":"https:\/\/www.prieur-sports.com\/en\/wp-json\/wp\/v2\/product\/63338","targetHints":{"allow":["GET"]}}],"collection":[{"href":"https:\/\/www.prieur-sports.com\/en\/wp-json\/wp\/v2\/product"}],"about":[{"href":"https:\/\/www.prieur-sports.com\/en\/wp-json\/wp\/v2\/types\/product"}],"wp:featuredmedia":[{"embeddable":true,"href":"https:\/\/www.prieur-sports.com\/en\/wp-json\/wp\/v2\/media\/70639"}],"wp:attachment":[{"href":"https:\/\/www.prieur-sports.com\/en\/wp-json\/wp\/v2\/media?parent=63338"}],"wp:term":[{"taxonomy":"product_cat","embeddable":true,"href":"https:\/\/www.prieur-sports.com\/en\/wp-json\/wp\/v2\/product_cat?post=63338"},{"taxonomy":"product_tag","embeddable":true,"href":"https:\/\/www.prieur-sports.com\/en\/wp-json\/wp\/v2\/product_tag?post=63338"}],"curies":[{"name":"wp","href":"https:\/\/api.w.org\/{rel}","templated":true}]}}